{"id":97,"date":"2024-06-06T16:03:53","date_gmt":"2024-06-06T14:03:53","guid":{"rendered":"https:\/\/gpwnowakowscy.com.pl\/?page_id=97"},"modified":"2024-06-06T16:04:07","modified_gmt":"2024-06-06T14:04:07","slug":"oferta","status":"publish","type":"page","link":"https:\/\/gpwnowakowscy.com.pl\/?page_id=97","title":{"rendered":"OFERTA"},"content":{"rendered":"\t\t<div data-elementor-type=\"wp-page\" data-elementor-id=\"97\" class=\"elementor elementor-97\">\n\t\t\t\t<div class=\"elementor-element elementor-element-3eab74d7 e-flex e-con-boxed e-con e-parent\" data-id=\"3eab74d7\" data-element_type=\"container\">\n\t\t\t\t\t<div class=\"e-con-inner\">\n\t\t\t\t<div class=\"elementor-element elementor-element-5d0a38f elementor-widget elementor-widget-text-editor\" data-id=\"5d0a38f\" data-element_type=\"widget\" data-widget_type=\"text-editor.default\">\n\t\t\t\t<div class=\"elementor-widget-container\">\n\t\t\t\t\t\t\t\t\t\n<div class=\"wp-block-group alignfull has-base-2-background-color has-background is-vertical is-layout-flex wp-container-core-group-is-layout-056709a1 wp-block-group-is-layout-flex\" style=\"margin-top:0;margin-bottom:0;padding-top:var(--wp--preset--spacing--50);padding-right:var(--wp--preset--spacing--50);padding-bottom:var(--wp--preset--spacing--50);padding-left:var(--wp--preset--spacing--50)\">\n<div class=\"wp-block-group is-vertical is-content-justification-center is-layout-flex wp-container-core-group-is-layout-52b864f0 wp-block-group-is-layout-flex\">\n<h2 class=\"wp-block-heading has-text-align-center is-style-asterisk\">Najwy\u017cszej jako\u015bci, zdrowe i profesjonalnie przygotowane do sprzeda\u017cy warzywa<\/h2>\n\n\n\n<div style=\"height:0px\" aria-hidden=\"true\" class=\"wp-block-spacer wp-container-content-4f2ccadb\"><\/div>\n<\/div>\n\n\n\n<div style=\"margin-top:0;margin-bottom:0;height:0px;width:0px\" aria-hidden=\"true\" class=\"wp-block-spacer wp-container-content-9d1f8957\"><\/div>\n\n\n\n<div class=\"wp-block-columns alignwide is-layout-flex wp-container-core-columns-is-layout-d0bbbce0 wp-block-columns-is-layout-flex\">\n<div class=\"wp-block-column is-layout-flow wp-container-core-column-is-layout-e3d1c41b wp-block-column-is-layout-flow\">\n<h3 class=\"wp-block-heading has-text-align-left is-style-asterisk has-body-font-family has-medium-font-size\" style=\"font-style:normal;font-weight:600\">ZIEMNIAKI<\/h3>\n\n\n\n<figure class=\"wp-block-image size-large is-resized\"><img fetchpriority=\"high\" decoding=\"async\" width=\"768\" height=\"1024\" src=\"https:\/\/gpwnowakowscy.com.pl\/wp-content\/uploads\/2024\/06\/IMG-ziemniaki-768x1024.jpg\" alt=\"\" class=\"wp-image-21\" style=\"width:383px;height:auto\" srcset=\"https:\/\/gpwnowakowscy.com.pl\/wp-content\/uploads\/2024\/06\/IMG-ziemniaki-768x1023.jpg 768w, https:\/\/gpwnowakowscy.com.pl\/wp-content\/uploads\/2024\/06\/IMG-ziemniaki-225x300.jpg 225w, https:\/\/gpwnowakowscy.com.pl\/wp-content\/uploads\/2024\/06\/IMG-ziemniaki-1153x1536.jpg 1153w, https:\/\/gpwnowakowscy.com.pl\/wp-content\/uploads\/2024\/06\/IMG-ziemniaki.jpg 1200w\" sizes=\"(max-width: 768px) 100vw, 768px\" \/><\/figure>\n\n\n\n<p class=\"has-text-align-left\">Najlepsze odmiany doskona\u0142a jako\u015b\u0107<\/p>\n<\/div>\n\n\n\n<div class=\"wp-block-column is-layout-flow wp-container-core-column-is-layout-e3d1c41b wp-block-column-is-layout-flow\">\n<h3 class=\"wp-block-heading has-text-align-left is-style-asterisk has-body-font-family has-medium-font-size\" style=\"font-style:normal;font-weight:600\">Cebula<\/h3>\n\n\n\n<figure class=\"wp-block-image aligncenter size-large is-resized\"><img decoding=\"async\" width=\"723\" height=\"1024\" src=\"https:\/\/gpwnowakowscy.com.pl\/wp-content\/uploads\/2024\/06\/Cebula-723x1024.jpg\" alt=\"\" class=\"wp-image-50\" style=\"width:360px;height:auto\" srcset=\"https:\/\/gpwnowakowscy.com.pl\/wp-content\/uploads\/2024\/06\/Cebula-723x1024.jpg 723w, https:\/\/gpwnowakowscy.com.pl\/wp-content\/uploads\/2024\/06\/Cebula-212x300.jpg 212w, https:\/\/gpwnowakowscy.com.pl\/wp-content\/uploads\/2024\/06\/Cebula-768x1088.jpg 768w, https:\/\/gpwnowakowscy.com.pl\/wp-content\/uploads\/2024\/06\/Cebula.jpg 1051w\" sizes=\"(max-width: 723px) 100vw, 723px\" \/><\/figure>\n\n\n\n<p class=\"has-text-align-left\">Najlepsze odmiany doskona\u0142a jako\u015b\u0107<\/p>\n<\/div>\n\n\n\n<div class=\"wp-block-column is-layout-flow wp-container-core-column-is-layout-e3d1c41b wp-block-column-is-layout-flow\">\n<h3 class=\"wp-block-heading has-text-align-left is-style-asterisk has-body-font-family has-medium-font-size\" style=\"font-style:normal;font-weight:600\">Marchew<\/h3>\n\n\n\n<figure class=\"wp-block-image size-large is-resized\"><img decoding=\"async\" width=\"679\" height=\"905\" src=\"https:\/\/gpwnowakowscy.com.pl\/wp-content\/uploads\/2024\/06\/marchew-edited-1.jpg\" alt=\"\" class=\"wp-image-65\" style=\"width:383px;height:auto\" srcset=\"https:\/\/gpwnowakowscy.com.pl\/wp-content\/uploads\/2024\/06\/marchew-edited-1.jpg 679w, https:\/\/gpwnowakowscy.com.pl\/wp-content\/uploads\/2024\/06\/marchew-edited-1-225x300.jpg 225w\" sizes=\"(max-width: 679px) 100vw, 679px\" \/><\/figure>\n\n\n\n<p class=\"has-text-align-left\">Najlepsze odmiany doskona\u0142a jako\u015b\u0107<\/p>\n<\/div>\n<\/div>\n\n\n\n<div style=\"height:0px;width:0px\" aria-hidden=\"true\" class=\"wp-block-spacer wp-container-content-333afba9\"><\/div>\n\n\n\n<div class=\"wp-block-columns alignwide is-layout-flex wp-container-core-columns-is-layout-d0bbbce0 wp-block-columns-is-layout-flex\">\n<div class=\"wp-block-column is-vertically-aligned-center is-layout-flow wp-container-core-column-is-layout-e3d1c41b wp-block-column-is-layout-flow\">\n<h3 class=\"wp-block-heading has-text-align-left is-style-asterisk has-body-font-family has-medium-font-size\" style=\"font-style:normal;font-weight:600\">POR<\/h3>\n\n\n\n<figure class=\"wp-block-image alignright size-large is-resized\"><img loading=\"lazy\" decoding=\"async\" width=\"808\" height=\"1024\" src=\"https:\/\/gpwnowakowscy.com.pl\/wp-content\/uploads\/2024\/06\/Por-808x1024.jpg\" alt=\"\" class=\"wp-image-53\" style=\"width:495px;height:auto\" srcset=\"https:\/\/gpwnowakowscy.com.pl\/wp-content\/uploads\/2024\/06\/Por-808x1024.jpg 808w, https:\/\/gpwnowakowscy.com.pl\/wp-content\/uploads\/2024\/06\/Por-237x300.jpg 237w, https:\/\/gpwnowakowscy.com.pl\/wp-content\/uploads\/2024\/06\/Por-768x974.jpg 768w, https:\/\/gpwnowakowscy.com.pl\/wp-content\/uploads\/2024\/06\/Por.jpg 1097w\" sizes=\"(max-width: 808px) 100vw, 808px\" \/><\/figure>\n\n\n\n<p class=\"has-text-align-left\">Najlepsze odmiany doskona\u0142a jako\u015b\u0107<\/p>\n<\/div>\n\n\n\n<div class=\"wp-block-column is-vertically-aligned-center is-layout-flow wp-container-core-column-is-layout-e3d1c41b wp-block-column-is-layout-flow\">\n<h3 class=\"wp-block-heading has-text-align-left is-style-asterisk has-body-font-family has-medium-font-size\" style=\"font-style:normal;font-weight:600\">PIETRUSZKA<\/h3>\n\n\n\n<figure class=\"wp-block-image size-large is-resized\"><img loading=\"lazy\" decoding=\"async\" width=\"635\" height=\"1024\" src=\"https:\/\/gpwnowakowscy.com.pl\/wp-content\/uploads\/2024\/06\/Pietruszka-635x1024.jpg\" alt=\"\" class=\"wp-image-51\" style=\"width:384px;height:auto\" srcset=\"https:\/\/gpwnowakowscy.com.pl\/wp-content\/uploads\/2024\/06\/Pietruszka-635x1024.jpg 635w, https:\/\/gpwnowakowscy.com.pl\/wp-content\/uploads\/2024\/06\/Pietruszka-186x300.jpg 186w, https:\/\/gpwnowakowscy.com.pl\/wp-content\/uploads\/2024\/06\/Pietruszka-768x1239.jpg 768w, https:\/\/gpwnowakowscy.com.pl\/wp-content\/uploads\/2024\/06\/Pietruszka.jpg 819w\" sizes=\"(max-width: 635px) 100vw, 635px\" \/><\/figure>\n\n\n\n<p class=\"has-text-align-left\">Najlepsze odmiany doskona\u0142a jako\u015b\u0107<\/p>\n<\/div>\n\n\n\n<div class=\"wp-block-column is-vertically-aligned-center is-layout-flow wp-container-core-column-is-layout-e3d1c41b wp-block-column-is-layout-flow\">\n<h3 class=\"wp-block-heading has-text-align-left is-style-asterisk has-body-font-family has-medium-font-size\" style=\"font-style:normal;font-weight:600\">SELER<\/h3>\n\n\n\n<figure class=\"wp-block-image size-large is-resized\"><img loading=\"lazy\" decoding=\"async\" width=\"732\" height=\"1024\" src=\"https:\/\/gpwnowakowscy.com.pl\/wp-content\/uploads\/2024\/06\/Seler-732x1024.jpg\" alt=\"\" class=\"wp-image-52\" style=\"width:445px;height:auto\" srcset=\"https:\/\/gpwnowakowscy.com.pl\/wp-content\/uploads\/2024\/06\/Seler-732x1024.jpg 732w, https:\/\/gpwnowakowscy.com.pl\/wp-content\/uploads\/2024\/06\/Seler-214x300.jpg 214w, https:\/\/gpwnowakowscy.com.pl\/wp-content\/uploads\/2024\/06\/Seler-768x1075.jpg 768w, https:\/\/gpwnowakowscy.com.pl\/wp-content\/uploads\/2024\/06\/Seler.jpg 957w\" sizes=\"(max-width: 732px) 100vw, 732px\" \/><\/figure>\n\n\n\n<p class=\"has-text-align-left\">Najlepsze odmiany doskona\u0142a jako\u015b\u0107<\/p>\n<\/div>\n<\/div>\n<\/div>\n\t\t\t\t\t\t\t\t<\/div>\n\t\t\t\t<\/div>\n\t\t\t\t<div class=\"elementor-element elementor-element-df320c5 elementor-widget-divider--view-line elementor-widget elementor-widget-divider\" data-id=\"df320c5\" data-element_type=\"widget\" data-widget_type=\"divider.default\">\n\t\t\t\t<div class=\"elementor-widget-container\">\n\t\t\t\t\t\t\t<div class=\"elementor-divider\">\n\t\t\t<span class=\"elementor-divider-separator\">\n\t\t\t\t\t\t<\/span>\n\t\t<\/div>\n\t\t\t\t\t\t<\/div>\n\t\t\t\t<\/div>\n\t\t\t\t\t<\/div>\n\t\t\t\t<\/div>\n\t\t<div class=\"elementor-element elementor-element-acff35a e-flex e-con-boxed e-con e-parent\" data-id=\"acff35a\" data-element_type=\"container\">\n\t\t\t\t\t<div class=\"e-con-inner\">\n\t\t\t\t<div class=\"elementor-element elementor-element-f15a2a9 elementor-widget elementor-widget-video\" data-id=\"f15a2a9\" data-element_type=\"widget\" data-settings=\"{&quot;video_type&quot;:&quot;hosted&quot;,&quot;controls&quot;:&quot;yes&quot;}\" data-widget_type=\"video.default\">\n\t\t\t\t<div class=\"elementor-widget-container\">\n\t\t\t\t\t\t\t<div class=\"e-hosted-video elementor-wrapper elementor-open-inline\">\n\t\t\t\t\t<video class=\"elementor-video\" src=\"https:\/\/gpwnowakowscy.com.pl\/wp-content\/uploads\/2024\/06\/VID-20240523-WA0015.mp4\" controls=\"\" preload=\"metadata\" controlsList=\"nodownload\"><\/video>\n\t\t\t\t<\/div>\n\t\t\t\t\t\t<\/div>\n\t\t\t\t<\/div>\n\t\t\t\t\t<\/div>\n\t\t\t\t<\/div>\n\t\t\t\t<\/div>\n\t\t","protected":false},"excerpt":{"rendered":"<p>Najwy\u017cszej jako\u015bci, zdrowe i profesjonalnie przygotowane do sprzeda\u017cy warzywa ZIEMNIAKI Najlepsze odmiany doskona\u0142a jako\u015b\u0107 Cebula Najlepsze odmiany doskona\u0142a jako\u015b\u0107 Marchew Najlepsze odmiany doskona\u0142a jako\u015b\u0107 POR Najlepsze odmiany doskona\u0142a jako\u015b\u0107 PIETRUSZKA Najlepsze odmiany doskona\u0142a jako\u015b\u0107 SELER Najlepsze odmiany doskona\u0142a jako\u015b\u0107 https:\/\/gpwnowakowscy.com.pl\/wp-content\/uploads\/2024\/06\/VID-20240523-WA0015.mp4<\/p>\n","protected":false},"author":1,"featured_media":59,"parent":0,"menu_order":0,"comment_status":"closed","ping_status":"closed","template":"elementor_canvas","meta":{"footnotes":""},"class_list":["post-97","page","type-page","status-publish","has-post-thumbnail","hentry"],"yoast_head":"<!-- This site is optimized with the Yoast SEO plugin v22.8 - https:\/\/yoast.com\/wordpress\/plugins\/seo\/ -->\n<title>OFERTA - GPW NOWAKOWSCY<\/title>\n<meta name=\"robots\" content=\"index, follow, max-snippet:-1, max-image-preview:large, max-video-preview:-1\" \/>\n<link rel=\"canonical\" href=\"https:\/\/gpwnowakowscy.com.pl\/?page_id=97\" \/>\n<meta property=\"og:locale\" content=\"pl_PL\" \/>\n<meta property=\"og:type\" content=\"article\" \/>\n<meta property=\"og:title\" content=\"OFERTA - GPW NOWAKOWSCY\" \/>\n<meta property=\"og:description\" content=\"Najwy\u017cszej jako\u015bci, zdrowe i profesjonalnie przygotowane do sprzeda\u017cy warzywa ZIEMNIAKI Najlepsze odmiany doskona\u0142a jako\u015b\u0107 Cebula Najlepsze odmiany doskona\u0142a jako\u015b\u0107 Marchew Najlepsze odmiany doskona\u0142a jako\u015b\u0107 POR Najlepsze odmiany doskona\u0142a jako\u015b\u0107 PIETRUSZKA Najlepsze odmiany doskona\u0142a jako\u015b\u0107 SELER Najlepsze odmiany doskona\u0142a jako\u015b\u0107 https:\/\/gpwnowakowscy.com.pl\/wp-content\/uploads\/2024\/06\/VID-20240523-WA0015.mp4\" \/>\n<meta property=\"og:url\" content=\"https:\/\/gpwnowakowscy.com.pl\/?page_id=97\" \/>\n<meta property=\"og:site_name\" content=\"GPW NOWAKOWSCY\" \/>\n<meta property=\"article:modified_time\" content=\"2024-06-06T14:04:07+00:00\" \/>\n<meta property=\"og:image\" content=\"https:\/\/gpwnowakowscy.com.pl\/wp-content\/uploads\/2024\/06\/logo-nowakowscy.jpg\" \/>\n\t<meta property=\"og:image:width\" content=\"455\" \/>\n\t<meta property=\"og:image:height\" content=\"486\" \/>\n\t<meta property=\"og:image:type\" content=\"image\/jpeg\" \/>\n<meta name=\"twitter:card\" content=\"summary_large_image\" \/>\n<meta name=\"twitter:label1\" content=\"Szacowany czas czytania\" \/>\n\t<meta name=\"twitter:data1\" content=\"2 minuty\" \/>\n<script type=\"application\/ld+json\" class=\"yoast-schema-graph\">{\"@context\":\"https:\/\/schema.org\",\"@graph\":[{\"@type\":\"WebPage\",\"@id\":\"https:\/\/gpwnowakowscy.com.pl\/?page_id=97\",\"url\":\"https:\/\/gpwnowakowscy.com.pl\/?page_id=97\",\"name\":\"OFERTA - GPW NOWAKOWSCY\",\"isPartOf\":{\"@id\":\"https:\/\/gpwnowakowscy.com.pl\/#website\"},\"primaryImageOfPage\":{\"@id\":\"https:\/\/gpwnowakowscy.com.pl\/?page_id=97#primaryimage\"},\"image\":{\"@id\":\"https:\/\/gpwnowakowscy.com.pl\/?page_id=97#primaryimage\"},\"thumbnailUrl\":\"https:\/\/gpwnowakowscy.com.pl\/wp-content\/uploads\/2024\/06\/logo-nowakowscy.jpg\",\"datePublished\":\"2024-06-06T14:03:53+00:00\",\"dateModified\":\"2024-06-06T14:04:07+00:00\",\"breadcrumb\":{\"@id\":\"https:\/\/gpwnowakowscy.com.pl\/?page_id=97#breadcrumb\"},\"inLanguage\":\"pl-PL\",\"potentialAction\":[{\"@type\":\"ReadAction\",\"target\":[\"https:\/\/gpwnowakowscy.com.pl\/?page_id=97\"]}]},{\"@type\":\"ImageObject\",\"inLanguage\":\"pl-PL\",\"@id\":\"https:\/\/gpwnowakowscy.com.pl\/?page_id=97#primaryimage\",\"url\":\"https:\/\/gpwnowakowscy.com.pl\/wp-content\/uploads\/2024\/06\/logo-nowakowscy.jpg\",\"contentUrl\":\"https:\/\/gpwnowakowscy.com.pl\/wp-content\/uploads\/2024\/06\/logo-nowakowscy.jpg\",\"width\":455,\"height\":486},{\"@type\":\"BreadcrumbList\",\"@id\":\"https:\/\/gpwnowakowscy.com.pl\/?page_id=97#breadcrumb\",\"itemListElement\":[{\"@type\":\"ListItem\",\"position\":1,\"name\":\"Home\",\"item\":\"https:\/\/gpwnowakowscy.com.pl\/\"},{\"@type\":\"ListItem\",\"position\":2,\"name\":\"OFERTA\"}]},{\"@type\":\"WebSite\",\"@id\":\"https:\/\/gpwnowakowscy.com.pl\/#website\",\"url\":\"https:\/\/gpwnowakowscy.com.pl\/\",\"name\":\"GPW NOWAKOWSCY\",\"description\":\"\",\"publisher\":{\"@id\":\"https:\/\/gpwnowakowscy.com.pl\/#organization\"},\"potentialAction\":[{\"@type\":\"SearchAction\",\"target\":{\"@type\":\"EntryPoint\",\"urlTemplate\":\"https:\/\/gpwnowakowscy.com.pl\/?s={search_term_string}\"},\"query-input\":\"required name=search_term_string\"}],\"inLanguage\":\"pl-PL\"},{\"@type\":\"Organization\",\"@id\":\"https:\/\/gpwnowakowscy.com.pl\/#organization\",\"name\":\"GPW NOWAKOWSCY\",\"url\":\"https:\/\/gpwnowakowscy.com.pl\/\",\"logo\":{\"@type\":\"ImageObject\",\"inLanguage\":\"pl-PL\",\"@id\":\"https:\/\/gpwnowakowscy.com.pl\/#\/schema\/logo\/image\/\",\"url\":\"https:\/\/gpwnowakowscy.com.pl\/wp-content\/uploads\/2024\/05\/logo-nowakowscy.jpg\",\"contentUrl\":\"https:\/\/gpwnowakowscy.com.pl\/wp-content\/uploads\/2024\/05\/logo-nowakowscy.jpg\",\"width\":455,\"height\":486,\"caption\":\"GPW NOWAKOWSCY\"},\"image\":{\"@id\":\"https:\/\/gpwnowakowscy.com.pl\/#\/schema\/logo\/image\/\"}}]}<\/script>\n<!-- \/ Yoast SEO plugin. -->","yoast_head_json":{"title":"OFERTA - GPW NOWAKOWSCY","robots":{"index":"index","follow":"follow","max-snippet":"max-snippet:-1","max-image-preview":"max-image-preview:large","max-video-preview":"max-video-preview:-1"},"canonical":"https:\/\/gpwnowakowscy.com.pl\/?page_id=97","og_locale":"pl_PL","og_type":"article","og_title":"OFERTA - GPW NOWAKOWSCY","og_description":"Najwy\u017cszej jako\u015bci, zdrowe i profesjonalnie przygotowane do sprzeda\u017cy warzywa ZIEMNIAKI Najlepsze odmiany doskona\u0142a jako\u015b\u0107 Cebula Najlepsze odmiany doskona\u0142a jako\u015b\u0107 Marchew Najlepsze odmiany doskona\u0142a jako\u015b\u0107 POR Najlepsze odmiany doskona\u0142a jako\u015b\u0107 PIETRUSZKA Najlepsze odmiany doskona\u0142a jako\u015b\u0107 SELER Najlepsze odmiany doskona\u0142a jako\u015b\u0107 https:\/\/gpwnowakowscy.com.pl\/wp-content\/uploads\/2024\/06\/VID-20240523-WA0015.mp4","og_url":"https:\/\/gpwnowakowscy.com.pl\/?page_id=97","og_site_name":"GPW NOWAKOWSCY","article_modified_time":"2024-06-06T14:04:07+00:00","og_image":[{"width":455,"height":486,"url":"https:\/\/gpwnowakowscy.com.pl\/wp-content\/uploads\/2024\/06\/logo-nowakowscy.jpg","type":"image\/jpeg"}],"twitter_card":"summary_large_image","twitter_misc":{"Szacowany czas czytania":"2 minuty"},"schema":{"@context":"https:\/\/schema.org","@graph":[{"@type":"WebPage","@id":"https:\/\/gpwnowakowscy.com.pl\/?page_id=97","url":"https:\/\/gpwnowakowscy.com.pl\/?page_id=97","name":"OFERTA - GPW NOWAKOWSCY","isPartOf":{"@id":"https:\/\/gpwnowakowscy.com.pl\/#website"},"primaryImageOfPage":{"@id":"https:\/\/gpwnowakowscy.com.pl\/?page_id=97#primaryimage"},"image":{"@id":"https:\/\/gpwnowakowscy.com.pl\/?page_id=97#primaryimage"},"thumbnailUrl":"https:\/\/gpwnowakowscy.com.pl\/wp-content\/uploads\/2024\/06\/logo-nowakowscy.jpg","datePublished":"2024-06-06T14:03:53+00:00","dateModified":"2024-06-06T14:04:07+00:00","breadcrumb":{"@id":"https:\/\/gpwnowakowscy.com.pl\/?page_id=97#breadcrumb"},"inLanguage":"pl-PL","potentialAction":[{"@type":"ReadAction","target":["https:\/\/gpwnowakowscy.com.pl\/?page_id=97"]}]},{"@type":"ImageObject","inLanguage":"pl-PL","@id":"https:\/\/gpwnowakowscy.com.pl\/?page_id=97#primaryimage","url":"https:\/\/gpwnowakowscy.com.pl\/wp-content\/uploads\/2024\/06\/logo-nowakowscy.jpg","contentUrl":"https:\/\/gpwnowakowscy.com.pl\/wp-content\/uploads\/2024\/06\/logo-nowakowscy.jpg","width":455,"height":486},{"@type":"BreadcrumbList","@id":"https:\/\/gpwnowakowscy.com.pl\/?page_id=97#breadcrumb","itemListElement":[{"@type":"ListItem","position":1,"name":"Home","item":"https:\/\/gpwnowakowscy.com.pl\/"},{"@type":"ListItem","position":2,"name":"OFERTA"}]},{"@type":"WebSite","@id":"https:\/\/gpwnowakowscy.com.pl\/#website","url":"https:\/\/gpwnowakowscy.com.pl\/","name":"GPW NOWAKOWSCY","description":"","publisher":{"@id":"https:\/\/gpwnowakowscy.com.pl\/#organization"},"potentialAction":[{"@type":"SearchAction","target":{"@type":"EntryPoint","urlTemplate":"https:\/\/gpwnowakowscy.com.pl\/?s={search_term_string}"},"query-input":"required name=search_term_string"}],"inLanguage":"pl-PL"},{"@type":"Organization","@id":"https:\/\/gpwnowakowscy.com.pl\/#organization","name":"GPW NOWAKOWSCY","url":"https:\/\/gpwnowakowscy.com.pl\/","logo":{"@type":"ImageObject","inLanguage":"pl-PL","@id":"https:\/\/gpwnowakowscy.com.pl\/#\/schema\/logo\/image\/","url":"https:\/\/gpwnowakowscy.com.pl\/wp-content\/uploads\/2024\/05\/logo-nowakowscy.jpg","contentUrl":"https:\/\/gpwnowakowscy.com.pl\/wp-content\/uploads\/2024\/05\/logo-nowakowscy.jpg","width":455,"height":486,"caption":"GPW NOWAKOWSCY"},"image":{"@id":"https:\/\/gpwnowakowscy.com.pl\/#\/schema\/logo\/image\/"}}]}},"_links":{"self":[{"href":"https:\/\/gpwnowakowscy.com.pl\/index.php?rest_route=\/wp\/v2\/pages\/97","targetHints":{"allow":["GET"]}}],"collection":[{"href":"https:\/\/gpwnowakowscy.com.pl\/index.php?rest_route=\/wp\/v2\/pages"}],"about":[{"href":"https:\/\/gpwnowakowscy.com.pl\/index.php?rest_route=\/wp\/v2\/types\/page"}],"author":[{"embeddable":true,"href":"https:\/\/gpwnowakowscy.com.pl\/index.php?rest_route=\/wp\/v2\/users\/1"}],"replies":[{"embeddable":true,"href":"https:\/\/gpwnowakowscy.com.pl\/index.php?rest_route=%2Fwp%2Fv2%2Fcomments&post=97"}],"version-history":[{"count":8,"href":"https:\/\/gpwnowakowscy.com.pl\/index.php?rest_route=\/wp\/v2\/pages\/97\/revisions"}],"predecessor-version":[{"id":111,"href":"https:\/\/gpwnowakowscy.com.pl\/index.php?rest_route=\/wp\/v2\/pages\/97\/revisions\/111"}],"wp:featuredmedia":[{"embeddable":true,"href":"https:\/\/gpwnowakowscy.com.pl\/index.php?rest_route=\/wp\/v2\/media\/59"}],"wp:attachment":[{"href":"https:\/\/gpwnowakowscy.com.pl\/index.php?rest_route=%2Fwp%2Fv2%2Fmedia&parent=97"}],"curies":[{"name":"wp","href":"https:\/\/api.w.org\/{rel}","templated":true}]}}