{"id":113,"date":"2024-06-06T21:20:28","date_gmt":"2024-06-06T19:20:28","guid":{"rendered":"https:\/\/gpwnowakowscy.com.pl\/?page_id=113"},"modified":"2024-06-06T21:27:06","modified_gmt":"2024-06-06T19:27:06","slug":"pakowanie","status":"publish","type":"page","link":"https:\/\/gpwnowakowscy.com.pl\/?page_id=113","title":{"rendered":"Pakowanie"},"content":{"rendered":"\t\t<div data-elementor-type=\"wp-page\" data-elementor-id=\"113\" class=\"elementor elementor-113\">\n\t\t\t\t<div class=\"elementor-element elementor-element-3125703b e-flex e-con-boxed e-con e-parent\" data-id=\"3125703b\" data-element_type=\"container\">\n\t\t\t\t\t<div class=\"e-con-inner\">\n\t\t\t\t<div class=\"elementor-element elementor-element-6e589d94 elementor-widget elementor-widget-text-editor\" data-id=\"6e589d94\" data-element_type=\"widget\" data-widget_type=\"text-editor.default\">\n\t\t\t\t<div class=\"elementor-widget-container\">\n\t\t\t\t\t\t\t\t\t\n<div class=\"wp-block-group alignfull has-global-padding is-layout-constrained wp-container-core-group-is-layout-d89aad35 wp-block-group-is-layout-constrained\" style=\"margin-top: 0; margin-bottom: 0; padding: var(--wp--preset--spacing--50);\">\n<div class=\"wp-block-group alignwide has-global-padding is-layout-constrained wp-container-core-group-is-layout-19e250f3 wp-block-group-is-layout-constrained\">\n<div class=\"wp-block-group is-vertical is-content-justification-center is-layout-flex wp-container-core-group-is-layout-6329a8f3 wp-block-group-is-layout-flex\">\n<h2 class=\"wp-block-heading has-text-align-center is-style-asterisk\">Pakowanie<\/h2>\n\n<p class=\"has-text-align-center\">Zajmujemy si\u0119 konfekcjonowaniem zam\u00f3wionych produkt\u00f3w indywidualnie pod potrzeby klienta.<\/p>\n\n<p class=\"has-text-align-center\">Dysponujemy szerokim asortymentem maszyn i urz\u0105dze\u0144 gwarantuj\u0105cych estetyczne opakowanie sprzedawanych produkt\u00f3w<\/p>\n<\/div>\n\n<div class=\"wp-block-spacer\" style=\"height: var(--wp--preset--spacing--40);\" aria-hidden=\"true\">\u00a0<\/div>\n\n<div class=\"wp-block-columns alignwide is-layout-flex wp-container-core-columns-is-layout-d1c656ed wp-block-columns-is-layout-flex\">\n<div class=\"wp-block-column is-vertically-aligned-center is-layout-flow wp-block-column-is-layout-flow\" style=\"flex-basis: 40%;\">\n<h2 class=\"wp-block-heading is-style-asterisk\">Ziemniaki<\/h2>\n\n<ul class=\"is-style-checkmark-list wp-block-list\" style=\"line-height: 1.75;\">\n<li>Pakowane w opakowania od 1 &#8211; 25kg<\/li>\n\n<li>Indywidualna grafika<\/li>\n\n<li>Kalibrowane<\/li>\n<\/ul>\n<\/div>\n\n<div class=\"wp-block-column is-layout-flow wp-block-column-is-layout-flow\" style=\"flex-basis: 50%;\">\n<figure class=\"wp-block-gallery has-nested-images columns-default is-cropped wp-block-gallery-9 is-layout-flex wp-block-gallery-is-layout-flex\">\n<figure class=\"wp-block-image size-large is-style-rounded is-style-rounded--8\"><img fetchpriority=\"high\" decoding=\"async\" width=\"768\" height=\"1024\" data-id=\"56\" class=\"wp-image-56 alignright\" src=\"https:\/\/gpwnowakowscy.com.pl\/wp-content\/uploads\/2024\/06\/IMG-20240523-WA0045-768x1024.jpg\" alt=\"\" srcset=\"https:\/\/gpwnowakowscy.com.pl\/wp-content\/uploads\/2024\/06\/IMG-20240523-WA0045-768x1023.jpg 768w, https:\/\/gpwnowakowscy.com.pl\/wp-content\/uploads\/2024\/06\/IMG-20240523-WA0045-225x300.jpg 225w, https:\/\/gpwnowakowscy.com.pl\/wp-content\/uploads\/2024\/06\/IMG-20240523-WA0045-1153x1536.jpg 1153w, https:\/\/gpwnowakowscy.com.pl\/wp-content\/uploads\/2024\/06\/IMG-20240523-WA0045.jpg 1200w\" sizes=\"(max-width: 768px) 100vw, 768px\" \/><\/figure>\n<\/figure>\n<\/div>\n<\/div>\n\n<div class=\"wp-block-spacer\" style=\"height: var(--wp--preset--spacing--40);\" aria-hidden=\"true\">\u00a0<\/div>\n\n<div class=\"wp-block-columns alignwide is-layout-flex wp-container-core-columns-is-layout-d1c656ed wp-block-columns-is-layout-flex\">\n<div class=\"wp-block-column is-layout-flow wp-block-column-is-layout-flow\" style=\"flex-basis: 50%;\">\n<figure class=\"wp-block-image size-large is-style-rounded is-style-rounded--10\"><img decoding=\"async\" width=\"768\" height=\"1024\" class=\"wp-image-55\" src=\"https:\/\/gpwnowakowscy.com.pl\/wp-content\/uploads\/2024\/06\/IMG-20240523-WA0044-768x1024.jpg\" alt=\"\" srcset=\"https:\/\/gpwnowakowscy.com.pl\/wp-content\/uploads\/2024\/06\/IMG-20240523-WA0044-768x1023.jpg 768w, https:\/\/gpwnowakowscy.com.pl\/wp-content\/uploads\/2024\/06\/IMG-20240523-WA0044-225x300.jpg 225w, https:\/\/gpwnowakowscy.com.pl\/wp-content\/uploads\/2024\/06\/IMG-20240523-WA0044-1153x1536.jpg 1153w, https:\/\/gpwnowakowscy.com.pl\/wp-content\/uploads\/2024\/06\/IMG-20240523-WA0044.jpg 1200w\" sizes=\"(max-width: 768px) 100vw, 768px\" \/><\/figure>\n<\/div>\n\n<div class=\"wp-block-column is-vertically-aligned-center is-layout-flow wp-block-column-is-layout-flow\" style=\"flex-basis: 40%;\">\n<h2 class=\"wp-block-heading is-style-asterisk\">Cebula<\/h2>\n\n<ul class=\"is-style-checkmark-list wp-block-list\" style=\"line-height: 1.75;\">\n<li>Pakowana w opakowania 1 &#8211; 25kg<\/li>\n\n<li>Indywidualna grafika<\/li>\n\n<li>Kalibrowana<\/li>\n<\/ul>\n<\/div>\n<\/div>\n\n<div class=\"wp-block-columns alignwide is-layout-flex wp-container-core-columns-is-layout-d1c656ed wp-block-columns-is-layout-flex\">\n<div class=\"wp-block-column is-vertically-aligned-center is-layout-flow wp-block-column-is-layout-flow\" style=\"flex-basis: 40%;\">\n<h2 class=\"wp-block-heading is-style-asterisk\">Marchew<\/h2>\n\n<ul class=\"is-style-checkmark-list wp-block-list\" style=\"line-height: 1.75;\">\n<li>Pakowane w opakowania od 1 &#8211; 25kg<\/li>\n\n<li>Indywidualna grafika<\/li>\n\n<li>Kalibrowana<\/li>\n<\/ul>\n<\/div>\n\n<div class=\"wp-block-column is-layout-flow wp-block-column-is-layout-flow\" style=\"flex-basis: 50%;\">\n<figure class=\"wp-block-gallery has-nested-images columns-default is-cropped wp-block-gallery-12 is-layout-flex wp-block-gallery-is-layout-flex\">\n<figure class=\"wp-block-image size-large is-style-rounded is-style-rounded--11\"><img decoding=\"async\" width=\"1017\" height=\"1024\" data-id=\"49\" class=\"wp-image-49\" src=\"https:\/\/gpwnowakowscy.com.pl\/wp-content\/uploads\/2024\/06\/marchew-1017x1024.jpg\" alt=\"\" srcset=\"https:\/\/gpwnowakowscy.com.pl\/wp-content\/uploads\/2024\/06\/marchew-1017x1024.jpg 1017w, https:\/\/gpwnowakowscy.com.pl\/wp-content\/uploads\/2024\/06\/marchew-298x300.jpg 298w, https:\/\/gpwnowakowscy.com.pl\/wp-content\/uploads\/2024\/06\/marchew-150x150.jpg 150w, https:\/\/gpwnowakowscy.com.pl\/wp-content\/uploads\/2024\/06\/marchew-768x773.jpg 768w, https:\/\/gpwnowakowscy.com.pl\/wp-content\/uploads\/2024\/06\/marchew.jpg 1199w\" sizes=\"(max-width: 1017px) 100vw, 1017px\" \/><\/figure>\n<\/figure>\n<\/div>\n<\/div>\n\n<div class=\"wp-block-columns alignwide is-layout-flex wp-container-core-columns-is-layout-d1c656ed wp-block-columns-is-layout-flex\">\n<div class=\"wp-block-column is-vertically-aligned-top is-layout-flow wp-block-column-is-layout-flow\" style=\"flex-basis: 50%;\">\n<figure class=\"wp-block-gallery has-nested-images columns-default is-cropped wp-block-gallery-13 is-layout-flex wp-block-gallery-is-layout-flex\">\n<figure class=\"wp-block-image size-large\"><img loading=\"lazy\" decoding=\"async\" width=\"768\" height=\"1024\" data-id=\"23\" class=\"wp-image-23\" src=\"https:\/\/gpwnowakowscy.com.pl\/wp-content\/uploads\/2024\/06\/IMG-20240523-WA0027-768x1024.jpg\" alt=\"\" srcset=\"https:\/\/gpwnowakowscy.com.pl\/wp-content\/uploads\/2024\/06\/IMG-20240523-WA0027-768x1024.jpg 768w, https:\/\/gpwnowakowscy.com.pl\/wp-content\/uploads\/2024\/06\/IMG-20240523-WA0027-225x300.jpg 225w, https:\/\/gpwnowakowscy.com.pl\/wp-content\/uploads\/2024\/06\/IMG-20240523-WA0027-1152x1536.jpg 1152w, https:\/\/gpwnowakowscy.com.pl\/wp-content\/uploads\/2024\/06\/IMG-20240523-WA0027.jpg 1200w\" sizes=\"(max-width: 768px) 100vw, 768px\" \/><\/figure>\n\n<figure class=\"wp-block-image size-large\"><img loading=\"lazy\" decoding=\"async\" width=\"768\" height=\"1024\" data-id=\"22\" class=\"wp-image-22\" src=\"https:\/\/gpwnowakowscy.com.pl\/wp-content\/uploads\/2024\/06\/IMG-20240523-WA0030-768x1024.jpg\" alt=\"\" srcset=\"https:\/\/gpwnowakowscy.com.pl\/wp-content\/uploads\/2024\/06\/IMG-20240523-WA0030-768x1024.jpg 768w, https:\/\/gpwnowakowscy.com.pl\/wp-content\/uploads\/2024\/06\/IMG-20240523-WA0030-225x300.jpg 225w, https:\/\/gpwnowakowscy.com.pl\/wp-content\/uploads\/2024\/06\/IMG-20240523-WA0030-1152x1536.jpg 1152w, https:\/\/gpwnowakowscy.com.pl\/wp-content\/uploads\/2024\/06\/IMG-20240523-WA0030-rotated.jpg 1200w\" sizes=\"(max-width: 768px) 100vw, 768px\" \/><\/figure>\n\n<figure class=\"wp-block-image size-large\"><img loading=\"lazy\" decoding=\"async\" width=\"732\" height=\"1024\" data-id=\"52\" class=\"wp-image-52\" src=\"https:\/\/gpwnowakowscy.com.pl\/wp-content\/uploads\/2024\/06\/Seler-732x1024.jpg\" alt=\"\" srcset=\"https:\/\/gpwnowakowscy.com.pl\/wp-content\/uploads\/2024\/06\/Seler-732x1024.jpg 732w, https:\/\/gpwnowakowscy.com.pl\/wp-content\/uploads\/2024\/06\/Seler-214x300.jpg 214w, https:\/\/gpwnowakowscy.com.pl\/wp-content\/uploads\/2024\/06\/Seler-768x1075.jpg 768w, https:\/\/gpwnowakowscy.com.pl\/wp-content\/uploads\/2024\/06\/Seler.jpg 957w\" sizes=\"(max-width: 732px) 100vw, 732px\" \/><\/figure>\n<\/figure>\n<\/div>\n\n<div class=\"wp-block-column is-vertically-aligned-top is-layout-flow wp-block-column-is-layout-flow\" style=\"flex-basis: 40%;\">\n<h2 class=\"wp-block-heading is-style-asterisk\">Por, Seler, Pietruszka<\/h2>\n\n<ul class=\"is-style-checkmark-list wp-block-list\" style=\"line-height: 1.75;\">\n<li>Pakowane w estetyczne p\u0119czki lub luzem<\/li>\n\n<li>Indywidualna grafika<\/li>\n\n<li>Dowolnie mieszane<\/li>\n<\/ul>\n<\/div>\n<\/div>\n\n<div class=\"wp-block-columns alignwide are-vertically-aligned-top is-layout-flex wp-container-core-columns-is-layout-d1c656ed wp-block-columns-is-layout-flex\">\n<div class=\"wp-block-column is-vertically-aligned-top is-layout-flow wp-block-column-is-layout-flow\" style=\"flex-basis: 50%;\">\n<figure class=\"wp-block-gallery has-nested-images columns-default is-cropped wp-block-gallery-14 is-layout-flex wp-block-gallery-is-layout-flex\">\n<figure class=\"wp-block-image size-large\"><img loading=\"lazy\" decoding=\"async\" width=\"768\" height=\"1024\" data-id=\"57\" class=\"wp-image-57\" src=\"https:\/\/gpwnowakowscy.com.pl\/wp-content\/uploads\/2024\/06\/IMG-20240523-WA0039-768x1024.jpg\" alt=\"\" srcset=\"https:\/\/gpwnowakowscy.com.pl\/wp-content\/uploads\/2024\/06\/IMG-20240523-WA0039-768x1024.jpg 768w, https:\/\/gpwnowakowscy.com.pl\/wp-content\/uploads\/2024\/06\/IMG-20240523-WA0039-225x300.jpg 225w, https:\/\/gpwnowakowscy.com.pl\/wp-content\/uploads\/2024\/06\/IMG-20240523-WA0039-1152x1536.jpg 1152w, https:\/\/gpwnowakowscy.com.pl\/wp-content\/uploads\/2024\/06\/IMG-20240523-WA0039.jpg 1200w\" sizes=\"(max-width: 768px) 100vw, 768px\" \/><\/figure>\n<\/figure>\n<\/div>\n\n<div class=\"wp-block-column is-vertically-aligned-top is-layout-flow wp-block-column-is-layout-flow\" style=\"flex-basis: 40%;\">\n<h2 class=\"wp-block-heading is-style-asterisk\">W\u0142oszczyzna<\/h2>\n\n<ul class=\"is-style-checkmark-list wp-block-list\" style=\"line-height: 1.75;\">\n<li>Pakowane w estetyczne p\u0119czki lub opakowanie zbiorcze<\/li>\n\n<li>Indywidualna grafika<\/li>\n\n<li>Dowolnie proporcje<\/li>\n<\/ul>\n<\/div>\n<\/div>\n<\/div>\n\n<div class=\"wp-block-media-text alignwide is-stacked-on-mobile\">\n<div class=\"wp-block-media-text__content\"><\/div>\n<\/div>\n<\/div>\n<!-- \/wp:group -->\t\t\t\t\t\t\t\t<\/div>\n\t\t\t\t<\/div>\n\t\t\t\t\t<\/div>\n\t\t\t\t<\/div>\n\t\t\t\t<\/div>\n\t\t","protected":false},"excerpt":{"rendered":"<p>Pakowanie Zajmujemy si\u0119 konfekcjonowaniem zam\u00f3wionych produkt\u00f3w indywidualnie pod potrzeby klienta. Dysponujemy szerokim asortymentem maszyn i urz\u0105dze\u0144 gwarantuj\u0105cych estetyczne opakowanie sprzedawanych produkt\u00f3w Ziemniaki Cebula Marchew Por, Seler, Pietruszka W\u0142oszczyzna<\/p>\n","protected":false},"author":1,"featured_media":59,"parent":0,"menu_order":0,"comment_status":"closed","ping_status":"closed","template":"elementor_canvas","meta":{"footnotes":""},"class_list":["post-113","page","type-page","status-publish","has-post-thumbnail","hentry"],"yoast_head":"<!-- This site is optimized with the Yoast SEO plugin v22.8 - https:\/\/yoast.com\/wordpress\/plugins\/seo\/ -->\n<title>Pakowanie - GPW NOWAKOWSCY<\/title>\n<meta name=\"robots\" content=\"index, follow, max-snippet:-1, max-image-preview:large, max-video-preview:-1\" \/>\n<link rel=\"canonical\" href=\"https:\/\/gpwnowakowscy.com.pl\/?page_id=113\" \/>\n<meta property=\"og:locale\" content=\"pl_PL\" \/>\n<meta property=\"og:type\" content=\"article\" \/>\n<meta property=\"og:title\" content=\"Pakowanie - GPW NOWAKOWSCY\" \/>\n<meta property=\"og:description\" content=\"Pakowanie Zajmujemy si\u0119 konfekcjonowaniem zam\u00f3wionych produkt\u00f3w indywidualnie pod potrzeby klienta. Dysponujemy szerokim asortymentem maszyn i urz\u0105dze\u0144 gwarantuj\u0105cych estetyczne opakowanie sprzedawanych produkt\u00f3w Ziemniaki Cebula Marchew Por, Seler, Pietruszka W\u0142oszczyzna\" \/>\n<meta property=\"og:url\" content=\"https:\/\/gpwnowakowscy.com.pl\/?page_id=113\" \/>\n<meta property=\"og:site_name\" content=\"GPW NOWAKOWSCY\" \/>\n<meta property=\"article:modified_time\" content=\"2024-06-06T19:27:06+00:00\" \/>\n<meta property=\"og:image\" content=\"https:\/\/gpwnowakowscy.com.pl\/wp-content\/uploads\/2024\/06\/logo-nowakowscy.jpg\" \/>\n\t<meta property=\"og:image:width\" content=\"455\" \/>\n\t<meta property=\"og:image:height\" content=\"486\" \/>\n\t<meta property=\"og:image:type\" content=\"image\/jpeg\" \/>\n<meta name=\"twitter:card\" content=\"summary_large_image\" \/>\n<meta name=\"twitter:label1\" content=\"Szacowany czas czytania\" \/>\n\t<meta name=\"twitter:data1\" content=\"2 minuty\" \/>\n<script type=\"application\/ld+json\" class=\"yoast-schema-graph\">{\"@context\":\"https:\/\/schema.org\",\"@graph\":[{\"@type\":\"WebPage\",\"@id\":\"https:\/\/gpwnowakowscy.com.pl\/?page_id=113\",\"url\":\"https:\/\/gpwnowakowscy.com.pl\/?page_id=113\",\"name\":\"Pakowanie - GPW NOWAKOWSCY\",\"isPartOf\":{\"@id\":\"https:\/\/gpwnowakowscy.com.pl\/#website\"},\"primaryImageOfPage\":{\"@id\":\"https:\/\/gpwnowakowscy.com.pl\/?page_id=113#primaryimage\"},\"image\":{\"@id\":\"https:\/\/gpwnowakowscy.com.pl\/?page_id=113#primaryimage\"},\"thumbnailUrl\":\"https:\/\/gpwnowakowscy.com.pl\/wp-content\/uploads\/2024\/06\/logo-nowakowscy.jpg\",\"datePublished\":\"2024-06-06T19:20:28+00:00\",\"dateModified\":\"2024-06-06T19:27:06+00:00\",\"breadcrumb\":{\"@id\":\"https:\/\/gpwnowakowscy.com.pl\/?page_id=113#breadcrumb\"},\"inLanguage\":\"pl-PL\",\"potentialAction\":[{\"@type\":\"ReadAction\",\"target\":[\"https:\/\/gpwnowakowscy.com.pl\/?page_id=113\"]}]},{\"@type\":\"ImageObject\",\"inLanguage\":\"pl-PL\",\"@id\":\"https:\/\/gpwnowakowscy.com.pl\/?page_id=113#primaryimage\",\"url\":\"https:\/\/gpwnowakowscy.com.pl\/wp-content\/uploads\/2024\/06\/logo-nowakowscy.jpg\",\"contentUrl\":\"https:\/\/gpwnowakowscy.com.pl\/wp-content\/uploads\/2024\/06\/logo-nowakowscy.jpg\",\"width\":455,\"height\":486},{\"@type\":\"BreadcrumbList\",\"@id\":\"https:\/\/gpwnowakowscy.com.pl\/?page_id=113#breadcrumb\",\"itemListElement\":[{\"@type\":\"ListItem\",\"position\":1,\"name\":\"Home\",\"item\":\"https:\/\/gpwnowakowscy.com.pl\/\"},{\"@type\":\"ListItem\",\"position\":2,\"name\":\"Pakowanie\"}]},{\"@type\":\"WebSite\",\"@id\":\"https:\/\/gpwnowakowscy.com.pl\/#website\",\"url\":\"https:\/\/gpwnowakowscy.com.pl\/\",\"name\":\"GPW NOWAKOWSCY\",\"description\":\"\",\"publisher\":{\"@id\":\"https:\/\/gpwnowakowscy.com.pl\/#organization\"},\"potentialAction\":[{\"@type\":\"SearchAction\",\"target\":{\"@type\":\"EntryPoint\",\"urlTemplate\":\"https:\/\/gpwnowakowscy.com.pl\/?s={search_term_string}\"},\"query-input\":\"required name=search_term_string\"}],\"inLanguage\":\"pl-PL\"},{\"@type\":\"Organization\",\"@id\":\"https:\/\/gpwnowakowscy.com.pl\/#organization\",\"name\":\"GPW NOWAKOWSCY\",\"url\":\"https:\/\/gpwnowakowscy.com.pl\/\",\"logo\":{\"@type\":\"ImageObject\",\"inLanguage\":\"pl-PL\",\"@id\":\"https:\/\/gpwnowakowscy.com.pl\/#\/schema\/logo\/image\/\",\"url\":\"https:\/\/gpwnowakowscy.com.pl\/wp-content\/uploads\/2024\/05\/logo-nowakowscy.jpg\",\"contentUrl\":\"https:\/\/gpwnowakowscy.com.pl\/wp-content\/uploads\/2024\/05\/logo-nowakowscy.jpg\",\"width\":455,\"height\":486,\"caption\":\"GPW NOWAKOWSCY\"},\"image\":{\"@id\":\"https:\/\/gpwnowakowscy.com.pl\/#\/schema\/logo\/image\/\"}}]}<\/script>\n<!-- \/ Yoast SEO plugin. -->","yoast_head_json":{"title":"Pakowanie - GPW NOWAKOWSCY","robots":{"index":"index","follow":"follow","max-snippet":"max-snippet:-1","max-image-preview":"max-image-preview:large","max-video-preview":"max-video-preview:-1"},"canonical":"https:\/\/gpwnowakowscy.com.pl\/?page_id=113","og_locale":"pl_PL","og_type":"article","og_title":"Pakowanie - GPW NOWAKOWSCY","og_description":"Pakowanie Zajmujemy si\u0119 konfekcjonowaniem zam\u00f3wionych produkt\u00f3w indywidualnie pod potrzeby klienta. Dysponujemy szerokim asortymentem maszyn i urz\u0105dze\u0144 gwarantuj\u0105cych estetyczne opakowanie sprzedawanych produkt\u00f3w Ziemniaki Cebula Marchew Por, Seler, Pietruszka W\u0142oszczyzna","og_url":"https:\/\/gpwnowakowscy.com.pl\/?page_id=113","og_site_name":"GPW NOWAKOWSCY","article_modified_time":"2024-06-06T19:27:06+00:00","og_image":[{"width":455,"height":486,"url":"https:\/\/gpwnowakowscy.com.pl\/wp-content\/uploads\/2024\/06\/logo-nowakowscy.jpg","type":"image\/jpeg"}],"twitter_card":"summary_large_image","twitter_misc":{"Szacowany czas czytania":"2 minuty"},"schema":{"@context":"https:\/\/schema.org","@graph":[{"@type":"WebPage","@id":"https:\/\/gpwnowakowscy.com.pl\/?page_id=113","url":"https:\/\/gpwnowakowscy.com.pl\/?page_id=113","name":"Pakowanie - GPW NOWAKOWSCY","isPartOf":{"@id":"https:\/\/gpwnowakowscy.com.pl\/#website"},"primaryImageOfPage":{"@id":"https:\/\/gpwnowakowscy.com.pl\/?page_id=113#primaryimage"},"image":{"@id":"https:\/\/gpwnowakowscy.com.pl\/?page_id=113#primaryimage"},"thumbnailUrl":"https:\/\/gpwnowakowscy.com.pl\/wp-content\/uploads\/2024\/06\/logo-nowakowscy.jpg","datePublished":"2024-06-06T19:20:28+00:00","dateModified":"2024-06-06T19:27:06+00:00","breadcrumb":{"@id":"https:\/\/gpwnowakowscy.com.pl\/?page_id=113#breadcrumb"},"inLanguage":"pl-PL","potentialAction":[{"@type":"ReadAction","target":["https:\/\/gpwnowakowscy.com.pl\/?page_id=113"]}]},{"@type":"ImageObject","inLanguage":"pl-PL","@id":"https:\/\/gpwnowakowscy.com.pl\/?page_id=113#primaryimage","url":"https:\/\/gpwnowakowscy.com.pl\/wp-content\/uploads\/2024\/06\/logo-nowakowscy.jpg","contentUrl":"https:\/\/gpwnowakowscy.com.pl\/wp-content\/uploads\/2024\/06\/logo-nowakowscy.jpg","width":455,"height":486},{"@type":"BreadcrumbList","@id":"https:\/\/gpwnowakowscy.com.pl\/?page_id=113#breadcrumb","itemListElement":[{"@type":"ListItem","position":1,"name":"Home","item":"https:\/\/gpwnowakowscy.com.pl\/"},{"@type":"ListItem","position":2,"name":"Pakowanie"}]},{"@type":"WebSite","@id":"https:\/\/gpwnowakowscy.com.pl\/#website","url":"https:\/\/gpwnowakowscy.com.pl\/","name":"GPW NOWAKOWSCY","description":"","publisher":{"@id":"https:\/\/gpwnowakowscy.com.pl\/#organization"},"potentialAction":[{"@type":"SearchAction","target":{"@type":"EntryPoint","urlTemplate":"https:\/\/gpwnowakowscy.com.pl\/?s={search_term_string}"},"query-input":"required name=search_term_string"}],"inLanguage":"pl-PL"},{"@type":"Organization","@id":"https:\/\/gpwnowakowscy.com.pl\/#organization","name":"GPW NOWAKOWSCY","url":"https:\/\/gpwnowakowscy.com.pl\/","logo":{"@type":"ImageObject","inLanguage":"pl-PL","@id":"https:\/\/gpwnowakowscy.com.pl\/#\/schema\/logo\/image\/","url":"https:\/\/gpwnowakowscy.com.pl\/wp-content\/uploads\/2024\/05\/logo-nowakowscy.jpg","contentUrl":"https:\/\/gpwnowakowscy.com.pl\/wp-content\/uploads\/2024\/05\/logo-nowakowscy.jpg","width":455,"height":486,"caption":"GPW NOWAKOWSCY"},"image":{"@id":"https:\/\/gpwnowakowscy.com.pl\/#\/schema\/logo\/image\/"}}]}},"_links":{"self":[{"href":"https:\/\/gpwnowakowscy.com.pl\/index.php?rest_route=\/wp\/v2\/pages\/113","targetHints":{"allow":["GET"]}}],"collection":[{"href":"https:\/\/gpwnowakowscy.com.pl\/index.php?rest_route=\/wp\/v2\/pages"}],"about":[{"href":"https:\/\/gpwnowakowscy.com.pl\/index.php?rest_route=\/wp\/v2\/types\/page"}],"author":[{"embeddable":true,"href":"https:\/\/gpwnowakowscy.com.pl\/index.php?rest_route=\/wp\/v2\/users\/1"}],"replies":[{"embeddable":true,"href":"https:\/\/gpwnowakowscy.com.pl\/index.php?rest_route=%2Fwp%2Fv2%2Fcomments&post=113"}],"version-history":[{"count":12,"href":"https:\/\/gpwnowakowscy.com.pl\/index.php?rest_route=\/wp\/v2\/pages\/113\/revisions"}],"predecessor-version":[{"id":128,"href":"https:\/\/gpwnowakowscy.com.pl\/index.php?rest_route=\/wp\/v2\/pages\/113\/revisions\/128"}],"wp:featuredmedia":[{"embeddable":true,"href":"https:\/\/gpwnowakowscy.com.pl\/index.php?rest_route=\/wp\/v2\/media\/59"}],"wp:attachment":[{"href":"https:\/\/gpwnowakowscy.com.pl\/index.php?rest_route=%2Fwp%2Fv2%2Fmedia&parent=113"}],"curies":[{"name":"wp","href":"https:\/\/api.w.org\/{rel}","templated":true}]}}